{"id":1721,"date":"2015-04-29T15:05:28","date_gmt":"2015-04-29T13:05:28","guid":{"rendered":"http:\/\/feuerwehr-weissenfels.de\/?page_id=1721"},"modified":"2018-09-11T17:06:45","modified_gmt":"2018-09-11T15:06:45","slug":"rw-2","status":"publish","type":"page","link":"https:\/\/feuerwehr-weissenfels.de\/?page_id=1721","title":{"rendered":"RW"},"content":{"rendered":"<p><strong>Fahrzeugbezeichnung:<\/strong>\u00a0R\u00fcstwagen (RW)<\/p>\n<p><strong>Hersteller: <\/strong>Iveco<\/p>\n<p><strong>Typ:<\/strong> Eurocargo 150 E30 4&#215;4 (Euro 5 &#8211; 300 PS &#8211; Automatic)<strong><br \/>\n<\/strong><\/p>\n<p><strong>Aufbau: <\/strong>Magirus<\/p>\n<p><strong>Baujahr: <\/strong>2017<\/p>\n<p><strong>Gesamtgewicht:\u00a0<\/strong>14 t<\/p>\n<p><strong>Besatzung:<\/strong>\u00a03 Einsatzkr\u00e4fte<\/p>\n<p style=\"text-align: justify;\"><strong>Ausstattung:<\/strong><\/p>\n<p>Der R\u00fcstwagen ist die Werkzeugkiste der Feuerwehr. Er f\u00fchrt alle m\u00f6glichen denkbaren Ger\u00e4te mit, die man ben\u00f6tigt um technische Hilfe leisten zu k\u00f6nnen. Dies sind vor allem Ger\u00e4te zum Anheben, Bewegen, Ziehen oder Trennen von Gegenst\u00e4nden und Materialien. In der Feuerwehr trifft dies nat\u00fcrlich zu allererst auf Rettungseins\u00e4tze nach Verkehrsunf\u00e4llen zu. Um hier die eigene Sicherheit nicht zu vernachl\u00e4ssigen, ist das Fahrzeug mit einer Heckwarneinrichtung ausgestattet.<\/p>\n<ul>\n<li>Einzelbereifung mit gleicher Spurbreite<\/li>\n<li>Permanenter Allradantrieb mit Au\u00dfenplaneten-Achsen<\/li>\n<li>Optimaler Radstand f\u00fcr gro\u00dfz\u00fcgiges Platzangebot und hohe Wendigkeit auch an beengten Einsatzstellen und abseits befestigter Verkehrsfl\u00e4chen<\/li>\n<li>AluFire3 Aufbau<\/li>\n<li>Rotzler Treibmatic Seilwinde 50 kN (an Fahrzeug Vorder- &amp; R\u00fcckseite)<\/li>\n<li>Komplette Normbeladung und umfangreiche Zusatzbeladungen z.B.: f\u00fcr die technische Hilfeleistung\/Rettung<\/li>\n<li>Umfangreiche Beleuchtungen und Warneinrichtungen in LED-Technologie (u.a Alderbaran, Adalitlampen)<\/li>\n<li>Notstromaggregat 10KW<\/li>\n<li>Plasmaschneidger\u00e4t<\/li>\n<li>Schnellangriff Luft &amp; Strom (je 30m)<\/li>\n<li>Rollgliss<\/li>\n<li>hydraulische Rettungsger\u00e4te (Schwere &amp; Spreizer 700bar)<\/li>\n<li>hydraulische Retttungszylinder (klein-mittel-gro\u00df)<\/li>\n<li>Hebekissen Hochdruck &amp; Niederdruck<\/li>\n<li>St\u00fctz- &amp; B\u00fcffelwinden<\/li>\n<li>verschiedene Messger\u00e4te<\/li>\n<li>Stab-Fast-System<\/li>\n<li>Bergegurte<\/li>\n<li>Bel\u00fcftungsger\u00e4te (\u00dcberdruck)<\/li>\n<li>Nott\u00fcr-\u00d6ffnungssets<\/li>\n<li>LKW-Rettungsplattform<\/li>\n<li>Schleifkorbtrage<\/li>\n<li>Steckleitern<\/li>\n<li>Spineboard inkl. Headbag (Kopffixierung)<\/li>\n<li>First-Responder Ausstattung (inkl. Beatmung)<\/li>\n<li>Schlauchboot<\/li>\n<li>gro\u00dfes Werkzeugsystem inkl. Arbeitswerkbank (klein)<\/li>\n<\/ul>\n<p><a href=\"https:\/\/www.magirusgroup.com\/de\/de\/serving-heroes\/auslieferungen\/detail\/delivery\/ruestwagen-fuer-weissenfels-01-2018\/\">Magirus-Kurzbericht<\/a><\/p>\n<p>[print_gllr id=7587]<\/p>\n","protected":false},"excerpt":{"rendered":"<p>Fahrzeugbezeichnung:\u00a0R\u00fcstwagen (RW) Hersteller: Iveco Typ: Eurocargo 150 E30 4&#215;4 (Euro 5 &#8211; 300 PS &#8211; Automatic) Aufbau: Magirus Baujahr: 2017 &hellip; <span class=\"more-button\"><a href=\"https:\/\/feuerwehr-weissenfels.de\/?page_id=1721\" class=\"more-link\">Continue Reading<span class=\"screen-reader-text\">RW<\/span><\/a><\/span><\/p>\n","protected":false},"author":2,"featured_media":0,"parent":0,"menu_order":0,"comment_status":"open","ping_status":"open","template":"","meta":[],"_links":{"self":[{"href":"https:\/\/feuerwehr-weissenfels.de\/index.php?rest_route=\/wp\/v2\/pages\/1721"}],"collection":[{"href":"https:\/\/feuerwehr-weissenfels.de\/index.php?rest_route=\/wp\/v2\/pages"}],"about":[{"href":"https:\/\/feuerwehr-weissenfels.de\/index.php?rest_route=\/wp\/v2\/types\/page"}],"author":[{"embeddable":true,"href":"https:\/\/feuerwehr-weissenfels.de\/index.php?rest_route=\/wp\/v2\/users\/2"}],"replies":[{"embeddable":true,"href":"https:\/\/feuerwehr-weissenfels.de\/index.php?rest_route=%2Fwp%2Fv2%2Fcomments&post=1721"}],"version-history":[{"count":27,"href":"https:\/\/feuerwehr-weissenfels.de\/index.php?rest_route=\/wp\/v2\/pages\/1721\/revisions"}],"predecessor-version":[{"id":8198,"href":"https:\/\/feuerwehr-weissenfels.de\/index.php?rest_route=\/wp\/v2\/pages\/1721\/revisions\/8198"}],"wp:attachment":[{"href":"https:\/\/feuerwehr-weissenfels.de\/index.php?rest_route=%2Fwp%2Fv2%2Fmedia&parent=1721"}],"curies":[{"name":"wp","href":"https:\/\/api.w.org\/{rel}","templated":true}]}}